{"id":9000,"date":"2017-02-02T12:27:50","date_gmt":"2017-02-02T11:27:50","guid":{"rendered":"https:\/\/www.optikweber.de\/portfolio\/"},"modified":"2026-03-13T08:50:14","modified_gmt":"2026-03-13T07:50:14","slug":"portfolio","status":"publish","type":"page","link":"https:\/\/www.optikweber.de\/en\/portfolio\/","title":{"rendered":"Portfolio"},"content":{"rendered":"\n<style type=\"text\/css\" data-created_by=\"avia_inline_auto\" id=\"style-css-av-v3msd-22fac5995304a737735c81c7b8d4cd6f\">\n.avia-section.av-v3msd-22fac5995304a737735c81c7b8d4cd6f{\nbackground-repeat:no-repeat;\nbackground-image:url(https:\/\/www.optikweber.de\/wp-content\/uploads\/2025\/10\/imagen_header_portfolio-page-website.webp);\nbackground-position:50% 100%;\nbackground-attachment:fixed;\nposition:relative;\n}\n.avia-section.av-v3msd-22fac5995304a737735c81c7b8d4cd6f .avia-divider-svg-bottom svg{\nheight:100px;\nfill:#ffffff;\n}\n<\/style>\n<div id='av_section_1'  class='avia-section av-v3msd-22fac5995304a737735c81c7b8d4cd6f main_color avia-section-huge avia-no-shadow  avia-builder-el-0  el_before_av_section  avia-builder-el-first  avia-full-stretch avia-bg-style-fixed av-minimum-height av-minimum-height-75 av-height-75  container_wrap sidebar_right'  data-section-bg-repeat='stretch' data-av_minimum_height_pc='75' data-av_min_height_opt='75'><div class='avia-divider-svg avia-divider-svg-tilt avia-divider-svg-bottom avia-to-front avia-svg-original'><svg xmlns=\"http:\/\/www.w3.org\/2000\/svg\" viewBox=\"0 0 1000 100\" preserveAspectRatio=\"none\">\n\t<path d=\"M0,6V0h1000v100L0,6z\"\/>\n<\/svg><\/div><div class='container av-section-cont-open' ><main  role=\"main\" itemprop=\"mainContentOfPage\"  class='template-page content  av-content-small alpha units'><div class='post-entry post-entry-type-page post-entry-9000'><div class='entry-content-wrapper clearfix'>\n<div  class='flex_column av-6trol-b81888a17c2095bd10bc257089de230e av_one_full  avia-builder-el-1  avia-builder-el-no-sibling  first flex_column_div  '     ><style type=\"text\/css\" data-created_by=\"avia_inline_auto\" id=\"style-css-av-mlz25wm8-ba56994e078e182e0f077b58f2cbdce4\">\n#top .av-special-heading.av-mlz25wm8-ba56994e078e182e0f077b58f2cbdce4{\npadding-bottom:10px;\ncolor:#ffffff;\nfont-size:60px;\n}\nbody .av-special-heading.av-mlz25wm8-ba56994e078e182e0f077b58f2cbdce4 .av-special-heading-tag .heading-char{\nfont-size:25px;\n}\n#top #wrap_all .av-special-heading.av-mlz25wm8-ba56994e078e182e0f077b58f2cbdce4 .av-special-heading-tag{\nfont-size:60px;\n}\n.av-special-heading.av-mlz25wm8-ba56994e078e182e0f077b58f2cbdce4 .special-heading-inner-border{\nborder-color:#ffffff;\n}\n.av-special-heading.av-mlz25wm8-ba56994e078e182e0f077b58f2cbdce4 .av-subheading{\nfont-size:15px;\n}\n\n@media only screen and (min-width: 480px) and (max-width: 767px){ \n#top #wrap_all .av-special-heading.av-mlz25wm8-ba56994e078e182e0f077b58f2cbdce4 .av-special-heading-tag{\nfont-size:0.8em;\n}\n}\n\n@media only screen and (max-width: 479px){ \n#top #wrap_all .av-special-heading.av-mlz25wm8-ba56994e078e182e0f077b58f2cbdce4 .av-special-heading-tag{\nfont-size:0.8em;\n}\n}\n<\/style>\n<div  class='av-special-heading av-mlz25wm8-ba56994e078e182e0f077b58f2cbdce4 av-special-heading-h2 custom-color-heading blockquote modern-quote  avia-builder-el-2  avia-builder-el-no-sibling  av-inherit-size'><h2 class='av-special-heading-tag '  itemprop=\"headline\"  >Portfolio<\/h2><div class=\"special-heading-border\"><div class=\"special-heading-inner-border\"><\/div><\/div><\/div><\/div><\/div><\/div><\/main><!-- close content main element --><\/div><\/div><div id='av_section_2'  class='avia-section av-xaqs5-9c03bac586cdac68dceee5a2b368d684 main_color avia-section-default avia-no-border-styling  avia-builder-el-3  el_after_av_section  el_before_av_section  avia-bg-style-scroll container_wrap sidebar_right'  ><div class='container av-section-cont-open' ><div class='template-page content  av-content-small alpha units'><div class='post-entry post-entry-type-page post-entry-9000'><div class='entry-content-wrapper clearfix'>\n<div class='flex_column_table av-lrksl-51ff717e2673f8c6f110e6c7e1628a55 sc-av_two_fifth av-equal-height-column-flextable'><div  class='flex_column av-lrksl-51ff717e2673f8c6f110e6c7e1628a55 av_two_fifth  avia-builder-el-4  el_before_av_three_fifth  avia-builder-el-first  first flex_column_table_cell av-equal-height-column av-align-middle  '     ><style type=\"text\/css\" data-created_by=\"avia_inline_auto\" id=\"style-css-av-mgrlzrwo-bded809d1e7bfbc662a91199bc62e143\">\n.avia-image-container.av-mgrlzrwo-bded809d1e7bfbc662a91199bc62e143 img.avia_image{\nbox-shadow:none;\n}\n.avia-image-container.av-mgrlzrwo-bded809d1e7bfbc662a91199bc62e143 .av-image-caption-overlay-center{\ncolor:#ffffff;\n}\n<\/style>\n<div  class='avia-image-container av-mgrlzrwo-bded809d1e7bfbc662a91199bc62e143 av-styling- avia-align-right  avia-builder-el-5  avia-builder-el-no-sibling '   itemprop=\"image\" itemscope=\"itemscope\" itemtype=\"https:\/\/schema.org\/ImageObject\" ><div class=\"avia-image-container-inner\"><div class=\"avia-image-overlay-wrap\"><img decoding=\"async\" fetchpriority=\"high\" class='wp-image-8951 avia-img-lazy-loading-not-8951 avia_image ' src=\"https:\/\/www.optikweber.de\/wp-content\/uploads\/2025\/10\/logo_made-in-germany__white.webp\" alt='logo_made in germany__white' title='logo_made in germany__white'  height=\"100\" width=\"400\"  itemprop=\"thumbnailUrl\" srcset=\"https:\/\/www.optikweber.de\/wp-content\/uploads\/2025\/10\/logo_made-in-germany__white.webp 400w, https:\/\/www.optikweber.de\/wp-content\/uploads\/2025\/10\/logo_made-in-germany__white-300x75.webp 300w\" sizes=\"(max-width: 400px) 100vw, 400px\" \/><\/div><\/div><\/div><\/div><div class='av-flex-placeholder'><\/div><div  class='flex_column av-fot0t-acd63c087f29b6c44c7bd920f2e1980f av_three_fifth  avia-builder-el-6  el_after_av_two_fifth  avia-builder-el-last  flex_column_table_cell av-equal-height-column av-align-middle  '     ><p>\n<style type=\"text\/css\" data-created_by=\"avia_inline_auto\" id=\"style-css-av-t3j3x-4ba6ae93f04d93afc7fba290715bd531\">\n#top .av-special-heading.av-t3j3x-4ba6ae93f04d93afc7fba290715bd531{\npadding-bottom:0;\ncolor:#cc0000;\nfont-size:40px;\n}\nbody .av-special-heading.av-t3j3x-4ba6ae93f04d93afc7fba290715bd531 .av-special-heading-tag .heading-char{\nfont-size:25px;\n}\n#top #wrap_all .av-special-heading.av-t3j3x-4ba6ae93f04d93afc7fba290715bd531 .av-special-heading-tag{\nfont-size:40px;\n}\n.av-special-heading.av-t3j3x-4ba6ae93f04d93afc7fba290715bd531 .special-heading-inner-border{\nborder-color:#cc0000;\n}\n.av-special-heading.av-t3j3x-4ba6ae93f04d93afc7fba290715bd531 .av-subheading{\nfont-size:15px;\n}\n\n@media only screen and (min-width: 480px) and (max-width: 767px){ \n#top #wrap_all .av-special-heading.av-t3j3x-4ba6ae93f04d93afc7fba290715bd531 .av-special-heading-tag{\nfont-size:0.8em;\n}\n}\n\n@media only screen and (max-width: 479px){ \n#top #wrap_all .av-special-heading.av-t3j3x-4ba6ae93f04d93afc7fba290715bd531 .av-special-heading-tag{\nfont-size:0.8em;\n}\n}\n<\/style>\n<div  class='av-special-heading av-t3j3x-4ba6ae93f04d93afc7fba290715bd531 av-special-heading-h1 custom-color-heading blockquote modern-quote  avia-builder-el-7  el_before_av_textblock  avia-builder-el-first  av-inherit-size'><h1 class='av-special-heading-tag '  itemprop=\"headline\"  >Our Brands<\/h1><div class=\"special-heading-border\"><div class=\"special-heading-inner-border\"><\/div><\/div><\/div><br \/>\n\n<style type=\"text\/css\" data-created_by=\"avia_inline_auto\" id=\"style-css-av-dhi31-0774016f94e76f9f41ecdb6db3cebcd7\">\n#top .av_textblock_section.av-dhi31-0774016f94e76f9f41ecdb6db3cebcd7 .avia_textblock{\ncolor:#000000;\n}\n<\/style>\n<section  class='av_textblock_section av-dhi31-0774016f94e76f9f41ecdb6db3cebcd7 '   itemscope=\"itemscope\" itemtype=\"https:\/\/schema.org\/CreativeWork\" ><div class='avia_textblock av_inherit_color'  itemprop=\"text\" ><p style=\"text-align: left;\">Our carefully selected eyewear range primarily features exclusive independent labels from Germany. Quality Made in Germany meets stylish designs. Our thoughtfully selected frame collection includes many different eyeglass designs \u2013 from classic and elegant to strikingly extravagant. You too will find your new favorite model with us.   <\/p>\n<\/div><\/section><\/p><\/div><\/div><!--close column table wrapper. Autoclose: 1 --><\/div><\/div><\/div><!-- close content main div --><\/div><\/div>\n<style type=\"text\/css\" data-created_by=\"avia_inline_auto\" id=\"style-css-av-y8131-cc0c4cbbf940364712e9afc82020c7b9\">\n.avia-section.av-y8131-cc0c4cbbf940364712e9afc82020c7b9{\nbackground-color:#ffffff;\nbackground-image:unset;\n}\n<\/style>\n<div id='av_section_3'  class='avia-section av-y8131-cc0c4cbbf940364712e9afc82020c7b9 main_color avia-section-large avia-no-border-styling  avia-builder-el-9  el_after_av_section  el_before_av_section  avia-bg-style-scroll container_wrap sidebar_right'  ><div class='container av-section-cont-open' ><div class='template-page content  av-content-small alpha units'><div class='post-entry post-entry-type-page post-entry-9000'><div class='entry-content-wrapper clearfix'>\n<div  class='flex_column av-tfolx-72901120d17e19c1c6ae699e74e8196f av_one_full  avia-builder-el-10  el_before_av_one_full  avia-builder-el-first  first flex_column_div  '     ><style type=\"text\/css\" data-created_by=\"avia_inline_auto\" id=\"style-css-av-ne2i5-5670ef5b790da3cee85a7d92d996d289\">\n#top .av-special-heading.av-ne2i5-5670ef5b790da3cee85a7d92d996d289{\npadding-bottom:40px;\nfont-size:30px;\n}\nbody .av-special-heading.av-ne2i5-5670ef5b790da3cee85a7d92d996d289 .av-special-heading-tag .heading-char{\nfont-size:25px;\n}\n#top #wrap_all .av-special-heading.av-ne2i5-5670ef5b790da3cee85a7d92d996d289 .av-special-heading-tag{\nfont-size:30px;\n}\n.av-special-heading.av-ne2i5-5670ef5b790da3cee85a7d92d996d289 .av-subheading{\nfont-size:15px;\n}\n\n@media only screen and (min-width: 480px) and (max-width: 767px){ \n#top #wrap_all .av-special-heading.av-ne2i5-5670ef5b790da3cee85a7d92d996d289 .av-special-heading-tag{\nfont-size:0.8em;\n}\n}\n\n@media only screen and (max-width: 479px){ \n#top #wrap_all .av-special-heading.av-ne2i5-5670ef5b790da3cee85a7d92d996d289 .av-special-heading-tag{\nfont-size:0.8em;\n}\n}\n<\/style>\n<div  class='av-special-heading av-ne2i5-5670ef5b790da3cee85a7d92d996d289 av-special-heading-h2 blockquote modern-quote modern-centered  avia-builder-el-11  avia-builder-el-no-sibling  av-inherit-size'><h2 class='av-special-heading-tag '  itemprop=\"headline\"  >Brand Variety for Every Taste<\/h2><div class=\"special-heading-border\"><div class=\"special-heading-inner-border\"><\/div><\/div><\/div><\/div><div  class='flex_column av-dbs2d-d7f9c14b9b098e5b48306c9ec0e59709 av_one_full  avia-builder-el-12  el_after_av_one_full  avia-builder-el-last  first flex_column_div avia-full-stretch  column-top-margin'     ><div  id=\"av-sc-portfolio-1\"  class=\"av-portfolio-grid-sorting-container\"><div class='sort_width_container  av-sort-yes' data-portfolio-id='1' ><div id='js_sort_items' ><div class='sort_by_cat hidden'><a href=\"#\" data-filter=\"all_sort\" class=\"all_sort_button active_sort\"><span class=\"inner_sort_button\"><span>All<\/span><small class=\"av-cat-count\"> 1 <\/small><\/span><\/a><span class=\"text-sep eyewear-glasses_sort_sep\">\/<\/span><a href=\"#\" data-filter=\"eyewear-glasses_sort\" class=\"eyewear-glasses_sort_button\" ><span class=\"inner_sort_button\"><span>Eyewear Glasses<\/span><small class=\"av-cat-count\"> 1 <\/small><\/span><\/a><\/div><\/div><\/div><div  class=' grid-sort-container isotope   no_margin-container with-title-container grid-total-odd grid-col-3 grid-links-' data-portfolio-id='1'><div data-ajax-id='9064' class=' grid-entry flex_column isotope-item all_sort no_margin post-entry post-entry-9064 grid-entry-overview grid-loop-1 grid-parity-odd  post-entry-last  eyewear-glasses_sort  av_one_third first default_av_fullwidth '><article class='main_color inner-entry'  itemscope=\"itemscope\" itemtype=\"https:\/\/schema.org\/CreativeWork\" ><a href=\"https:\/\/www.optikweber.de\/portfolio-item\/rock-star-diana\/\" title='Rock Star-DIANA'  data-rel='grid-1' class='grid-image avia-hover-fx'> <\/a><div class='grid-content'><div class='avia-arrow'><\/div><header class=\"entry-content-header\" aria-label=\"Portfolio: Rock Star-DIANA\"><h3 class='grid-entry-title entry-title '  itemprop=\"headline\" >Rock Star-DIANA<\/h3><\/header><\/div><footer class=\"entry-footer\"><\/footer><\/article><\/div><\/div><\/div>   <!--   class=\"av-portfolio-grid-sorting-container\"  --><\/div><\/div><\/div><\/div><!-- close content main div --><\/div><\/div>\n<style type=\"text\/css\" data-created_by=\"avia_inline_auto\" id=\"style-css-av-mlz2b4yh-6c02297e974bd4dcadbcd9009ae946c9\">\n.avia-section.av-mlz2b4yh-6c02297e974bd4dcadbcd9009ae946c9{\nposition:relative;\n}\n.avia-section.av-mlz2b4yh-6c02297e974bd4dcadbcd9009ae946c9 .avia-divider-svg-bottom svg{\nheight:100px;\nfill:#1d1d1b;\n}\n<\/style>\n<div id='av_section_4'  class='avia-section av-mlz2b4yh-6c02297e974bd4dcadbcd9009ae946c9 main_color avia-section-default avia-no-border-styling  avia-builder-el-14  el_after_av_section  avia-builder-el-last  avia-bg-style-scroll container_wrap sidebar_right'  ><div class='avia-divider-svg avia-divider-svg-tilt avia-divider-svg-bottom avia-to-front avia-svg-original'><svg xmlns=\"http:\/\/www.w3.org\/2000\/svg\" viewBox=\"0 0 1000 100\" preserveAspectRatio=\"none\">\n\t<path d=\"M0,6V0h1000v100L0,6z\"\/>\n<\/svg><\/div><div class='container av-section-cont-open' ><div class='template-page content  av-content-small alpha units'><div class='post-entry post-entry-type-page post-entry-9000'><div class='entry-content-wrapper clearfix'><\/div><\/div><\/div><!-- close content main div --><\/div><\/div><div id='after_section_4'  class='main_color av_default_container_wrap container_wrap sidebar_right'  ><div class='container av-section-cont-open' ><div class='template-page content  av-content-small alpha units'><div class='post-entry post-entry-type-page post-entry-9000'><div class='entry-content-wrapper clearfix'><\/p>\n","protected":false},"excerpt":{"rendered":"<p>Our thoughtfully selected frame collection features a wide variety of eyeglass designs \u2013 from classic and elegant to strikingly extravagant. You too will find your new favorite model with us. <\/p>\n","protected":false},"author":1,"featured_media":9003,"parent":0,"menu_order":0,"comment_status":"closed","ping_status":"closed","template":"","meta":{"footnotes":""},"class_list":["post-9000","page","type-page","status-publish","has-post-thumbnail","hentry"],"yoast_head":"<!-- This site is optimized with the Yoast SEO plugin v27.3 - https:\/\/yoast.com\/product\/yoast-seo-wordpress\/ -->\n<title>Weber Portfolio | Eyeglass Lenses and Custom Optical Solutions<\/title>\n<meta name=\"description\" content=\"An extensive range of eyeglass designs \u2013 from classic to extravagant. Discover your new favorite model with us and order conveniently online.\" \/>\n<meta name=\"robots\" content=\"index, follow, max-snippet:-1, max-image-preview:large, max-video-preview:-1\" \/>\n<link rel=\"canonical\" href=\"https:\/\/www.optikweber.de\/en\/portfolio\/\" \/>\n<meta property=\"og:locale\" content=\"en_US\" \/>\n<meta property=\"og:type\" content=\"article\" \/>\n<meta property=\"og:title\" content=\"Weber Portfolio | Eyeglass Lenses and Custom Optical Solutions\" \/>\n<meta property=\"og:description\" content=\"An extensive range of eyeglass designs \u2013 from classic to extravagant. Discover your new favorite model with us and order conveniently online.\" \/>\n<meta property=\"og:url\" content=\"https:\/\/www.optikweber.de\/en\/portfolio\/\" \/>\n<meta property=\"og:site_name\" content=\"Weber Brillengl\u00e4ser\" \/>\n<meta property=\"article:publisher\" content=\"https:\/\/www.facebook.com\/optikweber.de\/\" \/>\n<meta property=\"article:modified_time\" content=\"2026-03-13T07:50:14+00:00\" \/>\n<meta property=\"og:image\" content=\"https:\/\/www.optikweber.de\/wp-content\/uploads\/2025\/10\/imagen_header_portfolio-page-website.webp\" \/>\n\t<meta property=\"og:image:width\" content=\"1200\" \/>\n\t<meta property=\"og:image:height\" content=\"800\" \/>\n\t<meta property=\"og:image:type\" content=\"image\/webp\" \/>\n<meta name=\"twitter:card\" content=\"summary_large_image\" \/>\n<meta name=\"twitter:label1\" content=\"Est. reading time\" \/>\n\t<meta name=\"twitter:data1\" content=\"24 minutes\" \/>\n<script type=\"application\/ld+json\" class=\"yoast-schema-graph\">{\"@context\":\"https:\\\/\\\/schema.org\",\"@graph\":[{\"@type\":\"WebPage\",\"@id\":\"https:\\\/\\\/www.optikweber.de\\\/en\\\/portfolio\\\/\",\"url\":\"https:\\\/\\\/www.optikweber.de\\\/en\\\/portfolio\\\/\",\"name\":\"Weber Portfolio | Eyeglass Lenses and Custom Optical Solutions\",\"isPartOf\":{\"@id\":\"https:\\\/\\\/www.optikweber.de\\\/en\\\/#website\"},\"primaryImageOfPage\":{\"@id\":\"https:\\\/\\\/www.optikweber.de\\\/en\\\/portfolio\\\/#primaryimage\"},\"image\":{\"@id\":\"https:\\\/\\\/www.optikweber.de\\\/en\\\/portfolio\\\/#primaryimage\"},\"thumbnailUrl\":\"https:\\\/\\\/www.optikweber.de\\\/wp-content\\\/uploads\\\/2025\\\/10\\\/imagen_header_portfolio-page-website.webp\",\"datePublished\":\"2017-02-02T11:27:50+00:00\",\"dateModified\":\"2026-03-13T07:50:14+00:00\",\"description\":\"An extensive range of eyeglass designs \u2013 from classic to extravagant. Discover your new favorite model with us and order conveniently online.\",\"breadcrumb\":{\"@id\":\"https:\\\/\\\/www.optikweber.de\\\/en\\\/portfolio\\\/#breadcrumb\"},\"inLanguage\":\"en-US\",\"potentialAction\":[{\"@type\":\"ReadAction\",\"target\":[\"https:\\\/\\\/www.optikweber.de\\\/en\\\/portfolio\\\/\"]}]},{\"@type\":\"ImageObject\",\"inLanguage\":\"en-US\",\"@id\":\"https:\\\/\\\/www.optikweber.de\\\/en\\\/portfolio\\\/#primaryimage\",\"url\":\"https:\\\/\\\/www.optikweber.de\\\/wp-content\\\/uploads\\\/2025\\\/10\\\/imagen_header_portfolio-page-website.webp\",\"contentUrl\":\"https:\\\/\\\/www.optikweber.de\\\/wp-content\\\/uploads\\\/2025\\\/10\\\/imagen_header_portfolio-page-website.webp\",\"width\":1200,\"height\":800,\"caption\":\"imagen_header_portfolio page website\"},{\"@type\":\"BreadcrumbList\",\"@id\":\"https:\\\/\\\/www.optikweber.de\\\/en\\\/portfolio\\\/#breadcrumb\",\"itemListElement\":[{\"@type\":\"ListItem\",\"position\":1,\"name\":\"Portada\",\"item\":\"https:\\\/\\\/www.optikweber.de\\\/en\\\/home\\\/\"},{\"@type\":\"ListItem\",\"position\":2,\"name\":\"Portfolio\"}]},{\"@type\":\"WebSite\",\"@id\":\"https:\\\/\\\/www.optikweber.de\\\/en\\\/#website\",\"url\":\"https:\\\/\\\/www.optikweber.de\\\/en\\\/\",\"name\":\"Weber Brillengl\u00e4ser\",\"description\":\"Weber Brillengl\u00e4ser ist ein unabh\u00e4ngiges und technologiebasiertes Unternehmen mit mehrj\u00e4hriger Erfahrung in der augenoptischen Industrie.\",\"publisher\":{\"@id\":\"https:\\\/\\\/www.optikweber.de\\\/en\\\/#organization\"},\"potentialAction\":[{\"@type\":\"SearchAction\",\"target\":{\"@type\":\"EntryPoint\",\"urlTemplate\":\"https:\\\/\\\/www.optikweber.de\\\/en\\\/?s={search_term_string}\"},\"query-input\":{\"@type\":\"PropertyValueSpecification\",\"valueRequired\":true,\"valueName\":\"search_term_string\"}}],\"inLanguage\":\"en-US\"},{\"@type\":\"Organization\",\"@id\":\"https:\\\/\\\/www.optikweber.de\\\/en\\\/#organization\",\"name\":\"Weber Brillengl\u00e4ser\",\"url\":\"https:\\\/\\\/www.optikweber.de\\\/en\\\/\",\"logo\":{\"@type\":\"ImageObject\",\"inLanguage\":\"en-US\",\"@id\":\"https:\\\/\\\/www.optikweber.de\\\/en\\\/#\\\/schema\\\/logo\\\/image\\\/\",\"url\":\"https:\\\/\\\/www.optikweber.de\\\/wp-content\\\/uploads\\\/2025\\\/08\\\/logo_weber_website.webp\",\"contentUrl\":\"https:\\\/\\\/www.optikweber.de\\\/wp-content\\\/uploads\\\/2025\\\/08\\\/logo_weber_website.webp\",\"width\":1000,\"height\":354,\"caption\":\"Weber Brillengl\u00e4ser\"},\"image\":{\"@id\":\"https:\\\/\\\/www.optikweber.de\\\/en\\\/#\\\/schema\\\/logo\\\/image\\\/\"},\"sameAs\":[\"https:\\\/\\\/www.facebook.com\\\/optikweber.de\\\/\",\"https:\\\/\\\/www.linkedin.com\\\/company\\\/optik-weber-brillenglser-gmbh\\\/\"]}]}<\/script>\n<!-- \/ Yoast SEO plugin. -->","yoast_head_json":{"title":"Weber Portfolio | Eyeglass Lenses and Custom Optical Solutions","description":"An extensive range of eyeglass designs \u2013 from classic to extravagant. Discover your new favorite model with us and order conveniently online.","robots":{"index":"index","follow":"follow","max-snippet":"max-snippet:-1","max-image-preview":"max-image-preview:large","max-video-preview":"max-video-preview:-1"},"canonical":"https:\/\/www.optikweber.de\/en\/portfolio\/","og_locale":"en_US","og_type":"article","og_title":"Weber Portfolio | Eyeglass Lenses and Custom Optical Solutions","og_description":"An extensive range of eyeglass designs \u2013 from classic to extravagant. Discover your new favorite model with us and order conveniently online.","og_url":"https:\/\/www.optikweber.de\/en\/portfolio\/","og_site_name":"Weber Brillengl\u00e4ser","article_publisher":"https:\/\/www.facebook.com\/optikweber.de\/","article_modified_time":"2026-03-13T07:50:14+00:00","og_image":[{"width":1200,"height":800,"url":"https:\/\/www.optikweber.de\/wp-content\/uploads\/2025\/10\/imagen_header_portfolio-page-website.webp","type":"image\/webp"}],"twitter_card":"summary_large_image","twitter_misc":{"Est. reading time":"24 minutes"},"schema":{"@context":"https:\/\/schema.org","@graph":[{"@type":"WebPage","@id":"https:\/\/www.optikweber.de\/en\/portfolio\/","url":"https:\/\/www.optikweber.de\/en\/portfolio\/","name":"Weber Portfolio | Eyeglass Lenses and Custom Optical Solutions","isPartOf":{"@id":"https:\/\/www.optikweber.de\/en\/#website"},"primaryImageOfPage":{"@id":"https:\/\/www.optikweber.de\/en\/portfolio\/#primaryimage"},"image":{"@id":"https:\/\/www.optikweber.de\/en\/portfolio\/#primaryimage"},"thumbnailUrl":"https:\/\/www.optikweber.de\/wp-content\/uploads\/2025\/10\/imagen_header_portfolio-page-website.webp","datePublished":"2017-02-02T11:27:50+00:00","dateModified":"2026-03-13T07:50:14+00:00","description":"An extensive range of eyeglass designs \u2013 from classic to extravagant. Discover your new favorite model with us and order conveniently online.","breadcrumb":{"@id":"https:\/\/www.optikweber.de\/en\/portfolio\/#breadcrumb"},"inLanguage":"en-US","potentialAction":[{"@type":"ReadAction","target":["https:\/\/www.optikweber.de\/en\/portfolio\/"]}]},{"@type":"ImageObject","inLanguage":"en-US","@id":"https:\/\/www.optikweber.de\/en\/portfolio\/#primaryimage","url":"https:\/\/www.optikweber.de\/wp-content\/uploads\/2025\/10\/imagen_header_portfolio-page-website.webp","contentUrl":"https:\/\/www.optikweber.de\/wp-content\/uploads\/2025\/10\/imagen_header_portfolio-page-website.webp","width":1200,"height":800,"caption":"imagen_header_portfolio page website"},{"@type":"BreadcrumbList","@id":"https:\/\/www.optikweber.de\/en\/portfolio\/#breadcrumb","itemListElement":[{"@type":"ListItem","position":1,"name":"Portada","item":"https:\/\/www.optikweber.de\/en\/home\/"},{"@type":"ListItem","position":2,"name":"Portfolio"}]},{"@type":"WebSite","@id":"https:\/\/www.optikweber.de\/en\/#website","url":"https:\/\/www.optikweber.de\/en\/","name":"Weber Brillengl\u00e4ser","description":"Weber Brillengl\u00e4ser ist ein unabh\u00e4ngiges und technologiebasiertes Unternehmen mit mehrj\u00e4hriger Erfahrung in der augenoptischen Industrie.","publisher":{"@id":"https:\/\/www.optikweber.de\/en\/#organization"},"potentialAction":[{"@type":"SearchAction","target":{"@type":"EntryPoint","urlTemplate":"https:\/\/www.optikweber.de\/en\/?s={search_term_string}"},"query-input":{"@type":"PropertyValueSpecification","valueRequired":true,"valueName":"search_term_string"}}],"inLanguage":"en-US"},{"@type":"Organization","@id":"https:\/\/www.optikweber.de\/en\/#organization","name":"Weber Brillengl\u00e4ser","url":"https:\/\/www.optikweber.de\/en\/","logo":{"@type":"ImageObject","inLanguage":"en-US","@id":"https:\/\/www.optikweber.de\/en\/#\/schema\/logo\/image\/","url":"https:\/\/www.optikweber.de\/wp-content\/uploads\/2025\/08\/logo_weber_website.webp","contentUrl":"https:\/\/www.optikweber.de\/wp-content\/uploads\/2025\/08\/logo_weber_website.webp","width":1000,"height":354,"caption":"Weber Brillengl\u00e4ser"},"image":{"@id":"https:\/\/www.optikweber.de\/en\/#\/schema\/logo\/image\/"},"sameAs":["https:\/\/www.facebook.com\/optikweber.de\/","https:\/\/www.linkedin.com\/company\/optik-weber-brillenglser-gmbh\/"]}]}},"_links":{"self":[{"href":"https:\/\/www.optikweber.de\/en\/wp-json\/wp\/v2\/pages\/9000","targetHints":{"allow":["GET"]}}],"collection":[{"href":"https:\/\/www.optikweber.de\/en\/wp-json\/wp\/v2\/pages"}],"about":[{"href":"https:\/\/www.optikweber.de\/en\/wp-json\/wp\/v2\/types\/page"}],"author":[{"embeddable":true,"href":"https:\/\/www.optikweber.de\/en\/wp-json\/wp\/v2\/users\/1"}],"replies":[{"embeddable":true,"href":"https:\/\/www.optikweber.de\/en\/wp-json\/wp\/v2\/comments?post=9000"}],"version-history":[{"count":3,"href":"https:\/\/www.optikweber.de\/en\/wp-json\/wp\/v2\/pages\/9000\/revisions"}],"predecessor-version":[{"id":9802,"href":"https:\/\/www.optikweber.de\/en\/wp-json\/wp\/v2\/pages\/9000\/revisions\/9802"}],"wp:featuredmedia":[{"embeddable":true,"href":"https:\/\/www.optikweber.de\/en\/wp-json\/wp\/v2\/media\/9003"}],"wp:attachment":[{"href":"https:\/\/www.optikweber.de\/en\/wp-json\/wp\/v2\/media?parent=9000"}],"curies":[{"name":"wp","href":"https:\/\/api.w.org\/{rel}","templated":true}]}}