{"id":8920,"date":"2026-03-02T10:53:39","date_gmt":"2026-03-02T09:53:39","guid":{"rendered":"https:\/\/www.optikweber.de\/eyewear-shop\/"},"modified":"2026-03-04T15:41:38","modified_gmt":"2026-03-04T14:41:38","slug":"eyewear-shop","status":"publish","type":"page","link":"https:\/\/www.optikweber.de\/en\/eyewear-shop\/","title":{"rendered":"Eyewear Shop"},"content":{"rendered":"\n<style type=\"text\/css\" data-created_by=\"avia_inline_auto\" id=\"style-css-av-e2rxgj-45da8be5b8a769eb2175afdfc33d8f81\">\n.avia-section.av-e2rxgj-45da8be5b8a769eb2175afdfc33d8f81{\nbackground-repeat:no-repeat;\nbackground-image:url(https:\/\/www.optikweber.de\/wp-content\/uploads\/2025\/11\/wallpaper_Maintenance_page.webp);\nbackground-position:50% 50%;\nbackground-attachment:fixed;\n}\n<\/style>\n<div id='av_section_1'  class='avia-section av-e2rxgj-45da8be5b8a769eb2175afdfc33d8f81 main_color avia-section-default avia-no-border-styling  avia-builder-el-0  avia-builder-el-no-sibling  avia-full-stretch avia-bg-style-fixed av-minimum-height av-minimum-height-90 av-height-percent  container_wrap sidebar_right'  data-section-bg-repeat='stretch' data-av_minimum_height_pc='90' data-av_min_height_opt='percent'><div class='container av-section-cont-open' ><main  role=\"main\" itemprop=\"mainContentOfPage\"  class='template-page content  av-content-small alpha units'><div class='post-entry post-entry-type-page post-entry-8920'><div class='entry-content-wrapper clearfix'>\n<div  class='flex_column av-os8yr-7ffe130dd0d21ba5b160f2001406b493 av_one_third  avia-builder-el-1  el_before_av_one_third  avia-builder-el-first  first flex_column_div  '     ><\/div><div  class='flex_column av-5ls7eb-243d51a31cbe403bae2b28d0adf0e0f4 av_one_third  avia-builder-el-2  el_after_av_one_third  el_before_av_one_third  flex_column_div  '     ><style type=\"text\/css\" data-created_by=\"avia_inline_auto\" id=\"style-css-av-mm98ldll-3900b8d9ac558556bc7227b21bf60a71\">\n.avia-image-container.av-mm98ldll-3900b8d9ac558556bc7227b21bf60a71 img.avia_image{\nbox-shadow:none;\n}\n.avia-image-container.av-mm98ldll-3900b8d9ac558556bc7227b21bf60a71 .av-image-caption-overlay-center{\ncolor:#ffffff;\n}\n<\/style>\n<div  class='avia-image-container av-mm98ldll-3900b8d9ac558556bc7227b21bf60a71 av-styling- avia-align-center  avia-builder-el-3  avia-builder-el-no-sibling '   itemprop=\"image\" itemscope=\"itemscope\" itemtype=\"https:\/\/schema.org\/ImageObject\" ><div class=\"avia-image-container-inner\"><div class=\"avia-image-overlay-wrap\"><img decoding=\"async\" fetchpriority=\"high\" class='wp-image-8921 avia-img-lazy-loading-not-8921 avia_image ' src=\"https:\/\/www.optikweber.de\/wp-content\/uploads\/2026\/01\/Weber_Logo_white-300x300.png\" alt='' title='Weber_Logo_white'  height=\"300\" width=\"300\"  itemprop=\"thumbnailUrl\" srcset=\"https:\/\/www.optikweber.de\/wp-content\/uploads\/2026\/01\/Weber_Logo_white-300x300.png 300w, https:\/\/www.optikweber.de\/wp-content\/uploads\/2026\/01\/Weber_Logo_white-80x80.png 80w, https:\/\/www.optikweber.de\/wp-content\/uploads\/2026\/01\/Weber_Logo_white-768x768.png 768w, https:\/\/www.optikweber.de\/wp-content\/uploads\/2026\/01\/Weber_Logo_white-36x36.png 36w, https:\/\/www.optikweber.de\/wp-content\/uploads\/2026\/01\/Weber_Logo_white-180x180.png 180w, https:\/\/www.optikweber.de\/wp-content\/uploads\/2026\/01\/Weber_Logo_white-705x705.png 705w, https:\/\/www.optikweber.de\/wp-content\/uploads\/2026\/01\/Weber_Logo_white.png 800w\" sizes=\"(max-width: 300px) 100vw, 300px\" \/><\/div><\/div><\/div><\/div><div  class='flex_column av-4g4xmr-d26c92cd94391c8ac95651da271b6c37 av_one_third  avia-builder-el-4  el_after_av_one_third  el_before_av_one_full  flex_column_div  '     ><\/div><div  class='flex_column av-63qupv-1729319ed7e512149b251112914ef410 av_one_full  avia-builder-el-5  el_after_av_one_third  el_before_av_one_full  first flex_column_div  column-top-margin'     ><p>\n<style type=\"text\/css\" data-created_by=\"avia_inline_auto\" id=\"style-css-av-4in637-4d62da127c0411513dd2afb3d41d89b0\">\n#top .av-special-heading.av-4in637-4d62da127c0411513dd2afb3d41d89b0{\npadding-bottom:10px;\n}\nbody .av-special-heading.av-4in637-4d62da127c0411513dd2afb3d41d89b0 .av-special-heading-tag .heading-char{\nfont-size:25px;\n}\n.av-special-heading.av-4in637-4d62da127c0411513dd2afb3d41d89b0 .av-subheading{\nfont-size:15px;\n}\n<\/style>\n<div  class='av-special-heading av-4in637-4d62da127c0411513dd2afb3d41d89b0 av-special-heading-h1 blockquote modern-quote modern-centered  avia-builder-el-6  el_before_av_textblock  avia-builder-el-first '><h1 class='av-special-heading-tag '  itemprop=\"headline\"  >Our Eyewear Shop is currently under construction<\/h1><div class=\"special-heading-border\"><div class=\"special-heading-inner-border\"><\/div><\/div><\/div><br \/>\n\n<style type=\"text\/css\" data-created_by=\"avia_inline_auto\" id=\"style-css-av-2jjl0z-42a79a7a805d80e15279e60837d3aade\">\n#top .av_textblock_section.av-2jjl0z-42a79a7a805d80e15279e60837d3aade .avia_textblock{\nfont-size:18px;\ncolor:#ffffff;\n}\n<\/style>\n<section  class='av_textblock_section av-2jjl0z-42a79a7a805d80e15279e60837d3aade '   itemscope=\"itemscope\" itemtype=\"https:\/\/schema.org\/CreativeWork\" ><div class='avia_textblock av_inherit_color'  itemprop=\"text\" ><p style=\"text-align: center;\"><strong><span style=\"color: #ffffff;\">Wir arbeiten aktuell an unserem neuen Eyewear Online-Shop.<\/span><\/strong><\/p>\n<p style=\"text-align: center;\"><span style=\"color: #ffffff;\"> In K\u00fcrze k\u00f6nnen Sie hier unsere Kollektionen ansehen und Ihre Bestellungen direkt und unkompliziert online aufgeben.<\/span><br \/>\n<span style=\"color: #ffffff;\"> Bis dahin stehen wir Ihnen f\u00fcr Bestellungen selbstverst\u00e4ndlich weiterhin \u00fcber unseren Vertrieb und Kundenservice zur Verf\u00fcgung.<\/span><\/p>\n<p style=\"text-align: center;\"><span style=\"color: #ffffff;\"><strong>Vielen Dank f\u00fcr Ihre Geduld!<\/strong><\/span><\/p>\n<\/div><\/section><\/p><\/div><div  class='flex_column av-1w46df-e1a8e3c7512fb5d0148fa0f20eb1bc72 av_one_full  avia-builder-el-8  el_after_av_one_full  avia-builder-el-last  first flex_column_div  column-top-margin'     ><div  class='avia-button-wrap av-mm90aijh-1bf40c302716469594348e3bf05d44e5-wrap avia-button-center  avia-builder-el-9  avia-builder-el-no-sibling '>\n<style type=\"text\/css\" data-created_by=\"avia_inline_auto\" id=\"style-css-av-mm90aijh-1bf40c302716469594348e3bf05d44e5\">\n#top #wrap_all .avia-button.av-mm90aijh-1bf40c302716469594348e3bf05d44e5{\nfont-size:18px;\nbackground-color:#cc0000;\nborder-color:#cc0000;\ncolor:#ffffff;\ntransition:all 0.4s ease-in-out;\n}\n#top #wrap_all .avia-button.av-mm90aijh-1bf40c302716469594348e3bf05d44e5 .avia-svg-icon svg:first-child{\nfill:#ffffff;\nstroke:#ffffff;\n}\n<\/style>\n<a href='https:\/\/www.optikweber.de\/home\/'  class='avia-button av-mm90aijh-1bf40c302716469594348e3bf05d44e5 av-link-btn avia-icon_select-yes-left-icon avia-size-large avia-position-center'   aria-label=\"Home\"><span class='avia_button_icon avia_button_icon_left avia-iconfont avia-font-entypo-fontello' data-av_icon='\ue821' data-av_iconfont='entypo-fontello' ><\/span><span class='avia_iconbox_title' >Home<\/span><\/a><\/div><\/div><\/div><\/div><\/main><!-- close content main element --><\/div><\/div><div id='after_section_1'  class='main_color av_default_container_wrap container_wrap sidebar_right'  ><div class='container av-section-cont-open' ><div class='template-page content  av-content-small alpha units'><div class='post-entry post-entry-type-page post-entry-8920'><div class='entry-content-wrapper clearfix'>\n","protected":false},"excerpt":{"rendered":"","protected":false},"author":1,"featured_media":0,"parent":0,"menu_order":0,"comment_status":"closed","ping_status":"closed","template":"","meta":{"footnotes":""},"class_list":["post-8920","page","type-page","status-publish","hentry"],"yoast_head":"<!-- This site is optimized with the Yoast SEO plugin v27.4 - https:\/\/yoast.com\/product\/yoast-seo-wordpress\/ -->\n<title>Eyewear Shop - Weber Brillengl\u00e4ser<\/title>\n<meta name=\"robots\" content=\"index, follow, max-snippet:-1, max-image-preview:large, max-video-preview:-1\" \/>\n<link rel=\"canonical\" href=\"https:\/\/www.optikweber.de\/en\/eyewear-shop\/\" \/>\n<meta property=\"og:locale\" content=\"en_US\" \/>\n<meta property=\"og:type\" content=\"article\" \/>\n<meta property=\"og:title\" content=\"Eyewear Shop - Weber Brillengl\u00e4ser\" \/>\n<meta property=\"og:url\" content=\"https:\/\/www.optikweber.de\/en\/eyewear-shop\/\" \/>\n<meta property=\"og:site_name\" content=\"Weber Brillengl\u00e4ser\" \/>\n<meta property=\"article:publisher\" content=\"https:\/\/www.facebook.com\/optikweber.de\/\" \/>\n<meta property=\"article:modified_time\" content=\"2026-03-04T14:41:38+00:00\" \/>\n<meta name=\"twitter:card\" content=\"summary_large_image\" \/>\n<meta name=\"twitter:label1\" content=\"Est. reading time\" \/>\n\t<meta name=\"twitter:data1\" content=\"18 minutes\" \/>\n<script type=\"application\/ld+json\" class=\"yoast-schema-graph\">{\"@context\":\"https:\\\/\\\/schema.org\",\"@graph\":[{\"@type\":\"WebPage\",\"@id\":\"https:\\\/\\\/www.optikweber.de\\\/en\\\/eyewear-shop\\\/\",\"url\":\"https:\\\/\\\/www.optikweber.de\\\/en\\\/eyewear-shop\\\/\",\"name\":\"Eyewear Shop - Weber Brillengl\u00e4ser\",\"isPartOf\":{\"@id\":\"https:\\\/\\\/www.optikweber.de\\\/en\\\/#website\"},\"datePublished\":\"2026-03-02T09:53:39+00:00\",\"dateModified\":\"2026-03-04T14:41:38+00:00\",\"breadcrumb\":{\"@id\":\"https:\\\/\\\/www.optikweber.de\\\/en\\\/eyewear-shop\\\/#breadcrumb\"},\"inLanguage\":\"en-US\",\"potentialAction\":[{\"@type\":\"ReadAction\",\"target\":[\"https:\\\/\\\/www.optikweber.de\\\/en\\\/eyewear-shop\\\/\"]}]},{\"@type\":\"BreadcrumbList\",\"@id\":\"https:\\\/\\\/www.optikweber.de\\\/en\\\/eyewear-shop\\\/#breadcrumb\",\"itemListElement\":[{\"@type\":\"ListItem\",\"position\":1,\"name\":\"Portada\",\"item\":\"https:\\\/\\\/www.optikweber.de\\\/en\\\/home\\\/\"},{\"@type\":\"ListItem\",\"position\":2,\"name\":\"Eyewear Shop\"}]},{\"@type\":\"WebSite\",\"@id\":\"https:\\\/\\\/www.optikweber.de\\\/en\\\/#website\",\"url\":\"https:\\\/\\\/www.optikweber.de\\\/en\\\/\",\"name\":\"Weber Brillengl\u00e4ser\",\"description\":\"Weber Brillengl\u00e4ser ist ein unabh\u00e4ngiges und technologiebasiertes Unternehmen mit mehrj\u00e4hriger Erfahrung in der augenoptischen Industrie.\",\"publisher\":{\"@id\":\"https:\\\/\\\/www.optikweber.de\\\/en\\\/#organization\"},\"potentialAction\":[{\"@type\":\"SearchAction\",\"target\":{\"@type\":\"EntryPoint\",\"urlTemplate\":\"https:\\\/\\\/www.optikweber.de\\\/en\\\/?s={search_term_string}\"},\"query-input\":{\"@type\":\"PropertyValueSpecification\",\"valueRequired\":true,\"valueName\":\"search_term_string\"}}],\"inLanguage\":\"en-US\"},{\"@type\":\"Organization\",\"@id\":\"https:\\\/\\\/www.optikweber.de\\\/en\\\/#organization\",\"name\":\"Weber Brillengl\u00e4ser\",\"url\":\"https:\\\/\\\/www.optikweber.de\\\/en\\\/\",\"logo\":{\"@type\":\"ImageObject\",\"inLanguage\":\"en-US\",\"@id\":\"https:\\\/\\\/www.optikweber.de\\\/en\\\/#\\\/schema\\\/logo\\\/image\\\/\",\"url\":\"https:\\\/\\\/www.optikweber.de\\\/wp-content\\\/uploads\\\/2025\\\/08\\\/logo_weber_website.webp\",\"contentUrl\":\"https:\\\/\\\/www.optikweber.de\\\/wp-content\\\/uploads\\\/2025\\\/08\\\/logo_weber_website.webp\",\"width\":1000,\"height\":354,\"caption\":\"Weber Brillengl\u00e4ser\"},\"image\":{\"@id\":\"https:\\\/\\\/www.optikweber.de\\\/en\\\/#\\\/schema\\\/logo\\\/image\\\/\"},\"sameAs\":[\"https:\\\/\\\/www.facebook.com\\\/optikweber.de\\\/\",\"https:\\\/\\\/www.linkedin.com\\\/company\\\/optik-weber-brillenglser-gmbh\\\/\"]}]}<\/script>\n<!-- \/ Yoast SEO plugin. -->","yoast_head_json":{"title":"Eyewear Shop - Weber Brillengl\u00e4ser","robots":{"index":"index","follow":"follow","max-snippet":"max-snippet:-1","max-image-preview":"max-image-preview:large","max-video-preview":"max-video-preview:-1"},"canonical":"https:\/\/www.optikweber.de\/en\/eyewear-shop\/","og_locale":"en_US","og_type":"article","og_title":"Eyewear Shop - Weber Brillengl\u00e4ser","og_url":"https:\/\/www.optikweber.de\/en\/eyewear-shop\/","og_site_name":"Weber Brillengl\u00e4ser","article_publisher":"https:\/\/www.facebook.com\/optikweber.de\/","article_modified_time":"2026-03-04T14:41:38+00:00","twitter_card":"summary_large_image","twitter_misc":{"Est. reading time":"18 minutes"},"schema":{"@context":"https:\/\/schema.org","@graph":[{"@type":"WebPage","@id":"https:\/\/www.optikweber.de\/en\/eyewear-shop\/","url":"https:\/\/www.optikweber.de\/en\/eyewear-shop\/","name":"Eyewear Shop - Weber Brillengl\u00e4ser","isPartOf":{"@id":"https:\/\/www.optikweber.de\/en\/#website"},"datePublished":"2026-03-02T09:53:39+00:00","dateModified":"2026-03-04T14:41:38+00:00","breadcrumb":{"@id":"https:\/\/www.optikweber.de\/en\/eyewear-shop\/#breadcrumb"},"inLanguage":"en-US","potentialAction":[{"@type":"ReadAction","target":["https:\/\/www.optikweber.de\/en\/eyewear-shop\/"]}]},{"@type":"BreadcrumbList","@id":"https:\/\/www.optikweber.de\/en\/eyewear-shop\/#breadcrumb","itemListElement":[{"@type":"ListItem","position":1,"name":"Portada","item":"https:\/\/www.optikweber.de\/en\/home\/"},{"@type":"ListItem","position":2,"name":"Eyewear Shop"}]},{"@type":"WebSite","@id":"https:\/\/www.optikweber.de\/en\/#website","url":"https:\/\/www.optikweber.de\/en\/","name":"Weber Brillengl\u00e4ser","description":"Weber Brillengl\u00e4ser ist ein unabh\u00e4ngiges und technologiebasiertes Unternehmen mit mehrj\u00e4hriger Erfahrung in der augenoptischen Industrie.","publisher":{"@id":"https:\/\/www.optikweber.de\/en\/#organization"},"potentialAction":[{"@type":"SearchAction","target":{"@type":"EntryPoint","urlTemplate":"https:\/\/www.optikweber.de\/en\/?s={search_term_string}"},"query-input":{"@type":"PropertyValueSpecification","valueRequired":true,"valueName":"search_term_string"}}],"inLanguage":"en-US"},{"@type":"Organization","@id":"https:\/\/www.optikweber.de\/en\/#organization","name":"Weber Brillengl\u00e4ser","url":"https:\/\/www.optikweber.de\/en\/","logo":{"@type":"ImageObject","inLanguage":"en-US","@id":"https:\/\/www.optikweber.de\/en\/#\/schema\/logo\/image\/","url":"https:\/\/www.optikweber.de\/wp-content\/uploads\/2025\/08\/logo_weber_website.webp","contentUrl":"https:\/\/www.optikweber.de\/wp-content\/uploads\/2025\/08\/logo_weber_website.webp","width":1000,"height":354,"caption":"Weber Brillengl\u00e4ser"},"image":{"@id":"https:\/\/www.optikweber.de\/en\/#\/schema\/logo\/image\/"},"sameAs":["https:\/\/www.facebook.com\/optikweber.de\/","https:\/\/www.linkedin.com\/company\/optik-weber-brillenglser-gmbh\/"]}]}},"_links":{"self":[{"href":"https:\/\/www.optikweber.de\/en\/wp-json\/wp\/v2\/pages\/8920","targetHints":{"allow":["GET"]}}],"collection":[{"href":"https:\/\/www.optikweber.de\/en\/wp-json\/wp\/v2\/pages"}],"about":[{"href":"https:\/\/www.optikweber.de\/en\/wp-json\/wp\/v2\/types\/page"}],"author":[{"embeddable":true,"href":"https:\/\/www.optikweber.de\/en\/wp-json\/wp\/v2\/users\/1"}],"replies":[{"embeddable":true,"href":"https:\/\/www.optikweber.de\/en\/wp-json\/wp\/v2\/comments?post=8920"}],"version-history":[{"count":0,"href":"https:\/\/www.optikweber.de\/en\/wp-json\/wp\/v2\/pages\/8920\/revisions"}],"wp:attachment":[{"href":"https:\/\/www.optikweber.de\/en\/wp-json\/wp\/v2\/media?parent=8920"}],"curies":[{"name":"wp","href":"https:\/\/api.w.org\/{rel}","templated":true}]}}